{"id":13,"date":"2022-02-18T21:54:16","date_gmt":"2022-02-18T20:54:16","guid":{"rendered":"https:\/\/warsaw.wordcamp.org\/2022\/?page_id=13"},"modified":"2022-06-12T18:12:54","modified_gmt":"2022-06-12T16:12:54","slug":"bilety","status":"publish","type":"page","link":"https:\/\/warsaw.wordcamp.org\/2022\/bilety\/","title":{"rendered":"Bilety"},"content":{"rendered":"\n<p>Bilety online uprawniaj\u0105 do ogl\u0105dania transmisji online. Osobom zapisanym pode\u015blemy linka do transmisji.<\/p>\n\n\n\n<p>Bilety standardowe pozwalaj\u0105 uczestniczy\u0107 w wydarzeniu stacjonarnym w Warszawie.  <br><br><strong>Uwaga: Bilety standardowe zosta\u0142y ju\u017c wyprzedane. <\/strong><\/p>\n\n\n<a href=\"https:\/\/warsaw.wordcamp.org\/2022\/bilety\/\">Aby kupi\u0107 lub zarz\u0105dza\u0107 biletami, otw\u00f3rz t\u0119 stron\u0119 w przegl\u0105darce.<\/a>\n","protected":false},"excerpt":{"rendered":"<p>Bilety online uprawniaj\u0105 do ogl\u0105dania transmisji online. Osobom zapisanym pode\u015blemy linka do transmisji. Bilety standardowe pozwalaj\u0105 uczestniczy\u0107 w wydarzeniu stacjonarnym w Warszawie. Uwaga: Bilety standardowe zosta\u0142y ju\u017c wyprzedane.<\/p>\n","protected":false},"author":3591773,"featured_media":0,"parent":0,"menu_order":0,"comment_status":"closed","ping_status":"closed","template":"","meta":{"jetpack_post_was_ever_published":false,"footnotes":""},"class_list":["post-13","page","type-page","status-publish","hentry"],"jetpack_sharing_enabled":true,"_links":{"self":[{"href":"https:\/\/warsaw.wordcamp.org\/2022\/wp-json\/wp\/v2\/pages\/13","targetHints":{"allow":["GET"]}}],"collection":[{"href":"https:\/\/warsaw.wordcamp.org\/2022\/wp-json\/wp\/v2\/pages"}],"about":[{"href":"https:\/\/warsaw.wordcamp.org\/2022\/wp-json\/wp\/v2\/types\/page"}],"author":[{"embeddable":true,"href":"https:\/\/warsaw.wordcamp.org\/2022\/wp-json\/wp\/v2\/users\/3591773"}],"replies":[{"embeddable":true,"href":"https:\/\/warsaw.wordcamp.org\/2022\/wp-json\/wp\/v2\/comments?post=13"}],"version-history":[{"count":6,"href":"https:\/\/warsaw.wordcamp.org\/2022\/wp-json\/wp\/v2\/pages\/13\/revisions"}],"predecessor-version":[{"id":1509,"href":"https:\/\/warsaw.wordcamp.org\/2022\/wp-json\/wp\/v2\/pages\/13\/revisions\/1509"}],"wp:attachment":[{"href":"https:\/\/warsaw.wordcamp.org\/2022\/wp-json\/wp\/v2\/media?parent=13"}],"curies":[{"name":"wp","href":"https:\/\/api.w.org\/{rel}","templated":true}]}}