{"id":1115,"date":"2022-05-19T19:38:20","date_gmt":"2022-05-19T17:38:20","guid":{"rendered":"https:\/\/warsaw.wordcamp.org\/2022\/?page_id=1115"},"modified":"2022-05-19T21:40:53","modified_gmt":"2022-05-19T19:40:53","slug":"hotel","status":"publish","type":"page","link":"https:\/\/warsaw.wordcamp.org\/2022\/hotel\/","title":{"rendered":"Hotel"},"content":{"rendered":"\n<div class=\"wp-block-media-text alignwide has-media-on-the-right is-stacked-on-mobile\"><figure class=\"wp-block-media-text__media\"><img loading=\"lazy\" decoding=\"async\" width=\"1024\" height=\"683\" src=\"https:\/\/warsaw.wordcamp.org\/2022\/files\/2022\/05\/e_nyxwarsaw_01_mar21_2400x1600_cf5ccf7afcd59babd708ef25623b5bc2_1200x800_mobile_3-1024x683.webp\" alt=\"\" class=\"wp-image-1116 size-full\" srcset=\"https:\/\/warsaw.wordcamp.org\/2022\/files\/2022\/05\/e_nyxwarsaw_01_mar21_2400x1600_cf5ccf7afcd59babd708ef25623b5bc2_1200x800_mobile_3-1024x683.webp 1024w, https:\/\/warsaw.wordcamp.org\/2022\/files\/2022\/05\/e_nyxwarsaw_01_mar21_2400x1600_cf5ccf7afcd59babd708ef25623b5bc2_1200x800_mobile_3-300x200.webp 300w, https:\/\/warsaw.wordcamp.org\/2022\/files\/2022\/05\/e_nyxwarsaw_01_mar21_2400x1600_cf5ccf7afcd59babd708ef25623b5bc2_1200x800_mobile_3-768x512.webp 768w, https:\/\/warsaw.wordcamp.org\/2022\/files\/2022\/05\/e_nyxwarsaw_01_mar21_2400x1600_cf5ccf7afcd59babd708ef25623b5bc2_1200x800_mobile_3-450x300.webp 450w, https:\/\/warsaw.wordcamp.org\/2022\/files\/2022\/05\/e_nyxwarsaw_01_mar21_2400x1600_cf5ccf7afcd59babd708ef25623b5bc2_1200x800_mobile_3.webp 1200w\" sizes=\"auto, (max-width: 1024px) 100vw, 1024px\" \/><\/figure><div class=\"wp-block-media-text__content\">\n<p>WordCamp Warszawa odbywa si\u0119 w CIC. W tym samym budynku znajduje si\u0119 hotel NYX <a rel=\"noreferrer noopener\" href=\"https:\/\/www.leonardo-hotels.com\/warsaw\/nyx-hotel-warsaw\" target=\"_blank\">leonardo-hotels.com<\/a><\/p>\n\n\n\n<p>Je\u015bli chcecie skorzysta\u0107 z oferty przygotowanej dla uczestnik\u00f3w WordCamp powo\u0142ajcie si\u0119 na has\u0142o&#8230; &#8222;WordCamp&#8221;. Podobno WCWAW te\u017c zadzia\u0142a \ud83d\ude42<\/p>\n\n\n\n<p>Kontaktuj\u0105c si\u0119 z\u00a0<a rel=\"noreferrer noopener\" href=\"mailto:reservations.warsaw@leonardo-hotels.com\" target=\"_blank\">reservations.warsaw@leonardo-hotels.com<\/a><\/p>\n<\/div><\/div>\n\n\n\n<p>Te ceny s\u0105 tylko dla os\u00f3b powo\u0142uj\u0105cych si\u0119 na has\u0142o.<\/p>\n\n\n\n<ul class=\"wp-block-list\"><li>460 PLN brutto \u2013 pok\u00f3j typu SGL ze \u015bniadaniem<\/li><li>510 PLN brutto \u2013 pok\u00f3j typu TWIN ze \u015bniadaniem.<\/li><\/ul>\n\n\n\n<p><strong>Oferta wa\u017cna do 01.06.2022.<\/strong><\/p>\n\n\n\n<p>Warunki p\u0142atno\u015bci:<\/p>\n\n\n\n<ul class=\"wp-block-list\"><li>P\u0142atno\u015b\u0107 indywidualna przez go\u015bci<\/li><li>Oferta wa\u017cna dla go\u015bci do 01.06.2022<\/li><li>Mo\u017cliwo\u015b\u0107 bezkosztowej anulacji rezerwacji na 3 dni przed przyjazdem.<\/li><\/ul>\n","protected":false},"excerpt":{"rendered":"<p>WordCamp Warszawa odbywa si\u0119 w CIC. W tym samym budynku znajduje si\u0119 hotel NYX leonardo-hotels.com Je\u015bli chcecie skorzysta\u0107 z oferty przygotowanej dla uczestnik\u00f3w WordCamp powo\u0142ajcie si\u0119 na has\u0142o&#8230; &#8222;WordCamp&#8221;. Podobno WCWAW te\u017c zadzia\u0142a \ud83d\ude42 Kontaktuj\u0105c si\u0119 z\u00a0reservations.warsaw@leonardo-hotels.com Te ceny s\u0105 tylko dla os\u00f3b powo\u0142uj\u0105cych si\u0119 na has\u0142o. 460 PLN brutto \u2013 pok\u00f3j typu SGL ze [&hellip;]<\/p>\n","protected":false},"author":3591773,"featured_media":0,"parent":0,"menu_order":0,"comment_status":"closed","ping_status":"closed","template":"","meta":{"jetpack_post_was_ever_published":false,"footnotes":""},"class_list":["post-1115","page","type-page","status-publish","hentry"],"jetpack_sharing_enabled":true,"_links":{"self":[{"href":"https:\/\/warsaw.wordcamp.org\/2022\/wp-json\/wp\/v2\/pages\/1115","targetHints":{"allow":["GET"]}}],"collection":[{"href":"https:\/\/warsaw.wordcamp.org\/2022\/wp-json\/wp\/v2\/pages"}],"about":[{"href":"https:\/\/warsaw.wordcamp.org\/2022\/wp-json\/wp\/v2\/types\/page"}],"author":[{"embeddable":true,"href":"https:\/\/warsaw.wordcamp.org\/2022\/wp-json\/wp\/v2\/users\/3591773"}],"replies":[{"embeddable":true,"href":"https:\/\/warsaw.wordcamp.org\/2022\/wp-json\/wp\/v2\/comments?post=1115"}],"version-history":[{"count":7,"href":"https:\/\/warsaw.wordcamp.org\/2022\/wp-json\/wp\/v2\/pages\/1115\/revisions"}],"predecessor-version":[{"id":1132,"href":"https:\/\/warsaw.wordcamp.org\/2022\/wp-json\/wp\/v2\/pages\/1115\/revisions\/1132"}],"wp:attachment":[{"href":"https:\/\/warsaw.wordcamp.org\/2022\/wp-json\/wp\/v2\/media?parent=1115"}],"curies":[{"name":"wp","href":"https:\/\/api.w.org\/{rel}","templated":true}]}}