{"id":1518,"date":"2014-11-17T12:07:59","date_gmt":"2014-11-17T12:07:59","guid":{"rendered":"https:\/\/2014.warsaw.wordcamp.org\/?page_id=1518"},"modified":"2015-02-20T11:51:50","modified_gmt":"2015-02-20T11:51:50","slug":"prelekcje","status":"publish","type":"page","link":"https:\/\/warsaw.wordcamp.org\/2014\/agenda\/prelekcje\/","title":{"rendered":"Prelekcje"},"content":{"rendered":"<ul>\n<li><a href=\"https:\/\/prezi.com\/c28jahc5kaes\/bootstrap-i-wordpress-w-jednym-stali-domu\/\">Bootstrap i WordPress w jednym stali domu<\/a>\u00a0&#8211; <a title=\"Katarzyna Janoska\" href=\"https:\/\/2014.warsaw.wordcamp.org\/speaker\/katarzyna-janoska\/\">Katarzyna Janoska<\/a><\/li>\n<li>Calculating how much money is in the WP industry Thomas Buck<\/li>\n<li>Case study budowy platformy e-learningowej na WP Maciej Kuchnik<\/li>\n<li>Custom Fields \u2013 dostosowywanie WordPressa Przemys\u0142aw Mirota<\/li>\n<li>Czy jeste\u015bmy skazani na Google? Stanis\u0142aw Cie\u015blicki<\/li>\n<li>Czy strona oparta na WordPressie mo\u017ce pozyska\u0107 wi\u0119cej klient\u00f3w? Aleksander Kuczek<\/li>\n<li>Doing a bit more with WordPress Marko Heijnen<\/li>\n<li>From Confusion to Solution with WordPress. Kel Santiago<\/li>\n<li>Girls Who WordPress \u2013 co to jest i gdzie zmierzamy Ewelina Muc<\/li>\n<li><a href=\"http:\/\/www.slideshare.net\/toszcze\/jak-wkurzy-uytkownika\">Jak wkurzy\u0107 u\u017cytkownika<\/a>\u00a0&#8211; <a title=\"Bartosz Romanowski\" href=\"https:\/\/2014.warsaw.wordcamp.org\/speaker\/bartosz-romanowski\/\">Bartosz Romanowski<\/a><\/li>\n<li>Jak zmieni\u0107 pasj\u0119 w biznes? Micha\u0142 Misztal<\/li>\n<li><a href=\"http:\/\/www.slideshare.net\/jakubmilczarek\/komentowac-jak-to-atwo-powiedzie\">Komentowa\u0107 \u2013 jak to \u0142atwo powiedzie\u0107<\/a>\u00a0&#8211; <a title=\"Jakub Milczarek\" href=\"https:\/\/2014.warsaw.wordcamp.org\/speaker\/jakub-milczarek\/\">Jakub Milczarek<\/a><\/li>\n<li><a href=\"https:\/\/prezi.com\/0b76vysz1xcf\/speekup-meetup-wordup\/\">MeetUp! SpeekUp! WordUp<\/a> &#8211; <a title=\"Marcin Wolak\" href=\"https:\/\/2014.warsaw.wordcamp.org\/prelegent-wcpl-2014-marcin-wolak\/\">Marcin Wolak<\/a><\/li>\n<li><a href=\"http:\/\/www.slideshare.net\/MichaSmereczyski\/bezpieczestwo-wordpress-okiem-administratora-wordcamp-warszawa-2014\">O bezpiecze\u0144stwie WordPressa z perspektywy admina<\/a> &#8211; <a title=\"Micha\u0142 Smereczy\u0144ski\" href=\"https:\/\/2014.warsaw.wordcamp.org\/prelegent-wcpl-2014-michal-smereczynski\/\">Micha\u0142 Smereczy\u0144ski<\/a><\/li>\n<li><a href=\"https:\/\/docs.google.com\/presentation\/d\/1rS5uetZUAVNqHTpiQEpPdQTBHxOqznpqvhAE6-ZlVoQ\/present#slide=id.p\">Przekazywanie oraz przetwarzanie danych w WordPressie<\/a> &#8211; <a title=\"Grzegorz Durtan\" href=\"https:\/\/2014.warsaw.wordcamp.org\/prelegent-wcpl-2014-grzegorz-durtan\/\">Grzegorz Durtan<\/a><\/li>\n<li><a href=\"http:\/\/like-a-geek.pl\/miniblog\/wc2014\/\">P\u00f3\u0142 miliona ods\u0142on w p\u00f3\u0142 roku dzi\u0119ki WordPressowi<\/a>\u00a0&#8211; <a title=\"Marcin Kosedowski\" href=\"https:\/\/2014.warsaw.wordcamp.org\/speaker\/marcin-kosedowski\/\">Marcin Kosedowski<\/a><\/li>\n<li>Sztuka zadawania pyta\u0144 \u2013 czyli jak pyta\u0107, aby nam odpowiedziano Kasia \u015awiderska<\/li>\n<li><a href=\"http:\/\/www.slideshare.net\/mswoboda\/woocommerce-a-sprawa-polska\">WooCommerce a sprawa polska<\/a> &#8211; <a title=\"Maciej Swoboda\" href=\"https:\/\/2014.warsaw.wordcamp.org\/prelegent-wcpl-2014-maciej-swoboda\/http:\/\/\">Maciej Swoboda<\/a><\/li>\n<li>WordPress Agencies: Facing Challenges for the Next 10 Years Sara Rosso<\/li>\n<li>WordPress and Data Privacy in Europe \u2013 a troubled Marriage Jan Thiel<\/li>\n<li>WordPress as an API: The power of Semantic Data Sam Hotchkiss<\/li>\n<li>WordPress i Vagrant Pawe\u0142 Wawrzyniak<\/li>\n<li>Wyb\u00f3r szablonu w 10 krokach Wojtek R\u00f3wnanek<\/li>\n<li><a href=\"http:\/\/www.slideshare.net\/dziudek\/wykorzystanie-moliwoci-ekranu-personalizacji-motywu-wordcamp-polska\">Wykorzystanie mo\u017cliwo\u015bci ekranu personalizacji motywu<\/a>\u00a0&#8211; <a title=\"Tomasz Dziuda\" href=\"https:\/\/2014.warsaw.wordcamp.org\/speaker\/tomasz-dziuda\/\">Tomasz Dziuda<\/a><\/li>\n<li>W\u2588\u2588\u2588\u2588\u2588\u2588\u2588S Noel Tock<\/li>\n<li><a href=\"http:\/\/wpmagus.pl\/pliki\/prezentacje\/xml-rpc-praktyczne-czary\/\">XML-RPC praktyczne czary<\/a>\u00a0&#8211; <a title=\"Krzysztof Dr\u00f3\u017cd\u017c\" href=\"https:\/\/2014.warsaw.wordcamp.org\/speaker\/krzysztof-drozdz\/\">Krzysztof Dr\u00f3\u017cd\u017c<\/a><\/li>\n<li>Zmiany id\u0105 \u2013 czyli o tym co dla nas oznacza wej\u015bcie ustawy o prawach konsumenta Mateusz Tu\u0144ski<\/li>\n<li><a href=\"http:\/\/iworks.pl\/wordpress\/2014.warsaw.wordcamp.org\/zrob-to-dobrze.html\">Zr\u00f3b to po prostu dobrze!<\/a>\u00a0&#8211; <a title=\"Marcin Pietrzak\" href=\"https:\/\/2014.warsaw.wordcamp.org\/speaker\/marcin-pietrzak\/\">Marcin Pietrzak<\/a><\/li>\n<li>\u017bycie jest trudn\u0105 sztuk\u0105 wyboru! Ryszard Da\u0142kowski<\/li>\n<\/ul>\n","protected":false},"excerpt":{"rendered":"<p>Bootstrap i WordPress w jednym stali domu\u00a0&#8211; Katarzyna Janoska Calculating how much money is in the WP industry Thomas Buck Case study budowy platformy e-learningowej na WP Maciej Kuchnik Custom Fields \u2013 dostosowywanie WordPressa Przemys\u0142aw Mirota Czy jeste\u015bmy skazani na Google? Stanis\u0142aw Cie\u015blicki Czy strona oparta na WordPressie mo\u017ce pozyska\u0107 wi\u0119cej klient\u00f3w? Aleksander Kuczek Doing &hellip; <a href=\"https:\/\/warsaw.wordcamp.org\/2014\/agenda\/prelekcje\/\" class=\"more-link\">Czytaj dalej <span class=\"screen-reader-text\">Prelekcje<\/span> <span class=\"meta-nav\">&rarr;<\/span><\/a><\/p>\n","protected":false},"author":1014234,"featured_media":0,"parent":5,"menu_order":0,"comment_status":"open","ping_status":"open","template":"","meta":{"jetpack_post_was_ever_published":false,"footnotes":""},"class_list":["post-1518","page","type-page","status-publish","hentry"],"jetpack_shortlink":"https:\/\/wp.me\/P4VWW7-ou","jetpack_sharing_enabled":true,"_links":{"self":[{"href":"https:\/\/warsaw.wordcamp.org\/2014\/wp-json\/wp\/v2\/pages\/1518","targetHints":{"allow":["GET"]}}],"collection":[{"href":"https:\/\/warsaw.wordcamp.org\/2014\/wp-json\/wp\/v2\/pages"}],"about":[{"href":"https:\/\/warsaw.wordcamp.org\/2014\/wp-json\/wp\/v2\/types\/page"}],"author":[{"embeddable":true,"href":"https:\/\/warsaw.wordcamp.org\/2014\/wp-json\/wp\/v2\/users\/1014234"}],"replies":[{"embeddable":true,"href":"https:\/\/warsaw.wordcamp.org\/2014\/wp-json\/wp\/v2\/comments?post=1518"}],"version-history":[{"count":10,"href":"https:\/\/warsaw.wordcamp.org\/2014\/wp-json\/wp\/v2\/pages\/1518\/revisions"}],"predecessor-version":[{"id":1599,"href":"https:\/\/warsaw.wordcamp.org\/2014\/wp-json\/wp\/v2\/pages\/1518\/revisions\/1599"}],"up":[{"embeddable":true,"href":"https:\/\/warsaw.wordcamp.org\/2014\/wp-json\/wp\/v2\/pages\/5"}],"wp:attachment":[{"href":"https:\/\/warsaw.wordcamp.org\/2014\/wp-json\/wp\/v2\/media?parent=1518"}],"curies":[{"name":"wp","href":"https:\/\/api.w.org\/{rel}","templated":true}]}}