{"id":1136,"date":"2014-10-26T13:23:46","date_gmt":"2014-10-26T13:23:46","guid":{"rendered":"https:\/\/2014.warsaw.wordcamp.org\/?page_id=1136"},"modified":"2014-11-04T08:31:27","modified_gmt":"2014-11-04T08:31:27","slug":"contributor-day","status":"publish","type":"page","link":"https:\/\/warsaw.wordcamp.org\/2014\/contributor-day\/","title":{"rendered":"Contributor Day"},"content":{"rendered":"<h3>Co to jest i z czym to si\u0119 je?<\/h3>\n<p>W du\u017cym skr\u00f3cie Contributor Day to spotkanie, podczas kt\u00f3rego mo\u017cna dorzuci\u0107 w\u0142asn\u0105 cegie\u0142k\u0119 do projektu <a href=\"http:\/\/wordpress.org\">WordPress<\/a>. Potrzebny jest w\u0142asny laptop i znajomo\u015b\u0107 j\u0119zyka angielskiego.<\/p>\n<h3>Czyli takie spotkanie dla programist\u00f3w?<\/h3>\n<p><strong>Nie!<\/strong> Nie musisz programowa\u0107, \u017ceby wzi\u0105\u0107 udzia\u0142 w\u00a0Contributor Day. Projekt WordPress to nie tylko core. To tak\u017ce t\u0142umaczenia, dokumentacja, organizacja spotka\u0144 dla spo\u0142eczno\u015bci, dost\u0119pno\u015b\u0107 i u\u017cyteczno\u015b\u0107 WordPressa, a tak\u017ce support na forum i kanale IRC. <strong>Ka\u017cdy<\/strong> mo\u017ce wzi\u0105\u0107 udzia\u0142, nawet je\u015bli nigdy nie napisa\u0142 ani jednej linijki kodu.<\/p>\n<h3>To co musz\u0119 mie\u0107?<\/h3>\n<p>We\u017a laptopa, u\u015bmiech i pozytywn\u0105 energi\u0119 oraz za\u0142\u00f3\u017c konto na <a href=\"http:\/\/wordpress.org\">wordpress.org<\/a>.<\/p>\n<p>Je\u015bli mo\u017cesz, zainstaluj na swoim komputerze edytor tekstowy (Notatnik nie jest edytorem tekstowym,Notepad++ jest) oraz lokalny serwer (<a href=\"http:\/\/www.apachefriends.org\/index.html\">XAMPP<\/a>, <a href=\"http:\/\/www.mamp.info\/en\/index.html\">MAMP<\/a>, <a href=\"http:\/\/www.wampserver.com\/en\/\">WAMP<\/a> albo <a href=\"https:\/\/www.vagrantup.com\/\">Vagrant<\/a>).<\/p>\n<h3>Gdzie i kiedy mam by\u0107?<\/h3>\n<p><strong>Pi\u0105tek, 14 listopada, ul. Ho\u017ca 51<\/strong> godzina <strong>10:00 rano<\/strong> (pi\u0119tro wy\u017cej ni\u017c Kawiarnia Ho\u017ca 51, gdzie mamy WordUpy). Miejsce nazywa si\u0119 <a href=\"http:\/\/www.produkcjaartystyczna.pl\/\">Produkcja Artystyczna<\/a>. Ca\u0142o\u015b\u0107 potrwa do godziny 16:00.<\/p>\n<p>Ze wzgl\u0119du na to, \u017ce liczba miejsc jest ograniczona, na Contributor Day uruchomimy osobny formularz rejestracyjny.<\/p>\n<h3>Formularz rejestracyjny \/ Registration form<\/h3>\n<p><a href=\"http:\/\/bastetmilo.polldaddy.com\/s\/contributor-day-signup-form\">Zapisz si\u0119 na Contributor Day \/ Signup for\u00a0 Contributor Day<\/a><\/p>\n<p>Je\u015bli jeste\u015b prelegentem, kt\u00f3ry w ankiecie zaznaczy\u0142 \u017ce chce wzi\u0105\u0107 udzia\u0142 w CD, nie musisz wype\u0142nia\u0107 tego formularza.<\/p>\n<p><em>If you are a speaker and you have checked YES to Contributor Day in your speaker survey, please don&#8217;t fill out that form.<\/em><\/p>\n","protected":false},"excerpt":{"rendered":"<p>Co to jest i z czym to si\u0119 je? W du\u017cym skr\u00f3cie Contributor Day to spotkanie, podczas kt\u00f3rego mo\u017cna dorzuci\u0107 w\u0142asn\u0105 cegie\u0142k\u0119 do projektu WordPress. Potrzebny jest w\u0142asny laptop i znajomo\u015b\u0107 j\u0119zyka angielskiego. Czyli takie spotkanie dla programist\u00f3w? Nie! Nie musisz programowa\u0107, \u017ceby wzi\u0105\u0107 udzia\u0142 w\u00a0Contributor Day. Projekt WordPress to nie tylko core. To tak\u017ce &hellip; <a href=\"https:\/\/warsaw.wordcamp.org\/2014\/contributor-day\/\" class=\"more-link\">Czytaj dalej <span class=\"screen-reader-text\">Contributor Day<\/span> <span class=\"meta-nav\">&rarr;<\/span><\/a><\/p>\n","protected":false},"author":8679195,"featured_media":0,"parent":0,"menu_order":0,"comment_status":"open","ping_status":"open","template":"","meta":{"jetpack_post_was_ever_published":false,"footnotes":""},"class_list":["post-1136","page","type-page","status-publish","hentry"],"jetpack_shortlink":"https:\/\/wp.me\/P4VWW7-ik","jetpack_sharing_enabled":true,"_links":{"self":[{"href":"https:\/\/warsaw.wordcamp.org\/2014\/wp-json\/wp\/v2\/pages\/1136","targetHints":{"allow":["GET"]}}],"collection":[{"href":"https:\/\/warsaw.wordcamp.org\/2014\/wp-json\/wp\/v2\/pages"}],"about":[{"href":"https:\/\/warsaw.wordcamp.org\/2014\/wp-json\/wp\/v2\/types\/page"}],"author":[{"embeddable":true,"href":"https:\/\/warsaw.wordcamp.org\/2014\/wp-json\/wp\/v2\/users\/8679195"}],"replies":[{"embeddable":true,"href":"https:\/\/warsaw.wordcamp.org\/2014\/wp-json\/wp\/v2\/comments?post=1136"}],"version-history":[{"count":12,"href":"https:\/\/warsaw.wordcamp.org\/2014\/wp-json\/wp\/v2\/pages\/1136\/revisions"}],"predecessor-version":[{"id":1378,"href":"https:\/\/warsaw.wordcamp.org\/2014\/wp-json\/wp\/v2\/pages\/1136\/revisions\/1378"}],"wp:attachment":[{"href":"https:\/\/warsaw.wordcamp.org\/2014\/wp-json\/wp\/v2\/media?parent=1136"}],"curies":[{"name":"wp","href":"https:\/\/api.w.org\/{rel}","templated":true}]}}