{"id":10,"date":"2014-08-04T19:13:44","date_gmt":"2014-08-04T19:13:44","guid":{"rendered":"https:\/\/2014.warsaw.wordcamp.org\/organizers\/"},"modified":"2014-10-07T09:05:49","modified_gmt":"2014-10-07T09:05:49","slug":"organizatorzy","status":"publish","type":"page","link":"https:\/\/warsaw.wordcamp.org\/2014\/organizatorzy\/","title":{"rendered":"Organizatorzy"},"content":{"rendered":"<p>Dru\u017cyna pier\u015bcienia, czyli Dream Team, czyli organizatorzy: <\/p>\n\t<div class=\"wcorg-organizers\">\n\n\t\t\n\t\t\t<div class=\"wcorg-organizer\">\n\t\t\t\t<h2>Marcin Andrzejewski<\/h2>\n\t\t\t\t<div class=\"wcorg-organizer-description\">\n\t\t\t\t\t\t\t\t\t\t<img alt='' src='https:\/\/secure.gravatar.com\/avatar\/9fa651ff99935909fa137417f7caa0071e99ebd5dad5d2cf09186457de7f94e9?s=100&#038;d=mm&#038;r=g' srcset='https:\/\/secure.gravatar.com\/avatar\/9fa651ff99935909fa137417f7caa0071e99ebd5dad5d2cf09186457de7f94e9?s=200&#038;d=mm&#038;r=g 2x' class='avatar avatar-100 photo' height='100' width='100' \/>\t\t\t\t\t<p>Biedny i zagubiony <a href=\"http:\/\/marcinandrzejewski.pl\">projektant graficzny<\/a>, kt\u00f3ry musi udawa\u0107 \u017ce rozumie co to Varnish, jak stosuje si\u0119 hooki i gdzie znajduje si\u0119 repozytorium wtyczek (za to wie co to czcionka i ligatura ;P ). A on chcia\u0142 tylko sp\u0142aci\u0107 d\u0142ug wdzi\u0119czno\u015bci wobec WordPressa za to \u017ce ma z czego \u017cy\u0107 ;). <\/p>\n<p>#wszyscyjestesmygrafikami<\/p>\n\t\t\t\t<\/div>\n\t\t\t<\/div>\n\n\t\t\n\t\t\t<div class=\"wcorg-organizer\">\n\t\t\t\t<h2>Marcin Wolak<\/h2>\n\t\t\t\t<div class=\"wcorg-organizer-description\">\n\t\t\t\t\t\t\t\t\t\t<img alt='' src='https:\/\/secure.gravatar.com\/avatar\/c988256517f676ccc916d59041faef5d47c51b3a1fc71f20f3326e2aa301d771?s=100&#038;d=mm&#038;r=g' srcset='https:\/\/secure.gravatar.com\/avatar\/c988256517f676ccc916d59041faef5d47c51b3a1fc71f20f3326e2aa301d771?s=200&#038;d=mm&#038;r=g 2x' class='avatar avatar-100 photo' height='100' width='100' \/>\t\t\t\t\t<p>Programista WordPress w ABB. <a href=\"http:\/\/marcinwolak.pl\" target=\"_blank\">Freelancer<\/a> z w\u0142asnego wyboru. Hired Gun do wynaj\u0119cia. Organizator <a href=\"http:\/\/wordup.krakow.pl\" target=\"_blank\">WordUp Krak\u00f3w<\/a>.<\/p>\n\t\t\t\t<\/div>\n\t\t\t<\/div>\n\n\t\t\n\t\t\t<div class=\"wcorg-organizer\">\n\t\t\t\t<h2>Tomasz Dziuda<\/h2>\n\t\t\t\t<div class=\"wcorg-organizer-description\">\n\t\t\t\t\t\t\t\t\t\t<img alt='' src='https:\/\/secure.gravatar.com\/avatar\/ec3db6152e60dd4ffbcaacd2b0af93ce81530d1f83781697380f5edf2f4ada96?s=100&#038;d=mm&#038;r=g' srcset='https:\/\/secure.gravatar.com\/avatar\/ec3db6152e60dd4ffbcaacd2b0af93ce81530d1f83781697380f5edf2f4ada96?s=200&#038;d=mm&#038;r=g 2x' class='avatar avatar-100 photo' height='100' width='100' \/>\t\t\t\t\t<p>Lead Developer w <a href=\"https:\/\/www.gavick.com\" rel=\"nofollow\">GavickPro<\/a>. Odpowiada za planowanie i rozw\u00f3j rozwi\u0105za\u0144 opartych na WordPressie. Ceni ten CMS za skalowalno\u015b\u0107 i elastyk\u0119 z kt\u00f3rej cz\u0119sto korzysta by implementowa\u0107 nowe, ciekawe rozwi\u0105zania. Lubi zg\u0142\u0119bia\u0107 tajniki WordPressa oraz odkrywa\u0107 jego cz\u0119sto pomijane funkcjonalno\u015bci i mo\u017cliwo\u015bci. Prowadzi <a href=\"http:\/\/wp.dziudek.pl\">bloga<\/a> dla WordPressowych developer\u00f3w.<\/p>\n\t\t\t\t<\/div>\n\t\t\t<\/div>\n\n\t\t\n\t\t\t<div class=\"wcorg-organizer\">\n\t\t\t\t<h2>Marcin Pietrzak<\/h2>\n\t\t\t\t<div class=\"wcorg-organizer-description\">\n\t\t\t\t\t\t\t\t\t\t<img alt='' src='https:\/\/secure.gravatar.com\/avatar\/c00d5de7fdcf70f8b7620cefb0df0018272bd68f9e9c5aee62f356edad0f0a03?s=100&#038;d=mm&#038;r=g' srcset='https:\/\/secure.gravatar.com\/avatar\/c00d5de7fdcf70f8b7620cefb0df0018272bd68f9e9c5aee62f356edad0f0a03?s=200&#038;d=mm&#038;r=g 2x' class='avatar avatar-100 photo' height='100' width='100' \/>\t\t\t\t\t<p>Developer w <a href=\"http:\/\/www.onthegosystems.com\/\">OnTheGoSystems<\/a>. Odpowiada za rozw\u00f3j i utrzymanie wtyczki Types oraz innych z grupy <a href=\"http:\/\/wp-types.com\/\">Toolset<\/a>. Entuzjasta i ewangelista filtr\u00f3w i akcji, kt\u00f3rych wykopywaniem zajmuje si\u0119 na swoim <a href=\"http:\/\/iworks.pl\/\">blogu<\/a>.<\/p>\n<p>Sta\u0142y uczestnik i prelegent na Polskich WordCampach, jak do tej pory zachowa\u0142 \u015bredni\u0105 1 wyk\u0142ad na WC, cho\u0107 na pierwszym w \u0141odzi, tylko s\u0142ucha\u0142.<\/p>\n\t\t\t\t<\/div>\n\t\t\t<\/div>\n\n\t\t\n\t\t\t<div class=\"wcorg-organizer\">\n\t\t\t\t<h2>Krzysiek Dr\u00f3\u017cd\u017c<\/h2>\n\t\t\t\t<div class=\"wcorg-organizer-description\">\n\t\t\t\t\t\t\t\t\t\t<img alt='' src='https:\/\/secure.gravatar.com\/avatar\/50ad0486a104780d21a068b5b2c2e27faddd48ff4b39ee1d9e4fd8ca87f8cef0?s=100&#038;d=mm&#038;r=g' srcset='https:\/\/secure.gravatar.com\/avatar\/50ad0486a104780d21a068b5b2c2e27faddd48ff4b39ee1d9e4fd8ca87f8cef0?s=200&#038;d=mm&#038;r=g 2x' class='avatar avatar-100 photo' height='100' width='100' \/>\t\t\t\t\t\t\t\t\t<\/div>\n\t\t\t<\/div>\n\n\t\t\n\t\t\t<div class=\"wcorg-organizer\">\n\t\t\t\t<h2>Maciej Grabowy<\/h2>\n\t\t\t\t<div class=\"wcorg-organizer-description\">\n\t\t\t\t\t\t\t\t\t\t<img alt='' src='https:\/\/secure.gravatar.com\/avatar\/2e0a36d89d267bbf2c4a40a13f3173cc1881bfb866307c8d9700a6984e6295ab?s=100&#038;d=mm&#038;r=g' srcset='https:\/\/secure.gravatar.com\/avatar\/2e0a36d89d267bbf2c4a40a13f3173cc1881bfb866307c8d9700a6984e6295ab?s=200&#038;d=mm&#038;r=g 2x' class='avatar avatar-100 photo' height='100' width='100' \/>\t\t\t\t\t<p>Nieustannie co\u015b t\u0142umaczy z polskiego na angielski i odwrotnie, a tak\u017ce poprawia t\u0142umaczenia innych, wydaj\u0105c przy tym m\u0105dre odg\u0142osy. Troch\u0119 naziol gramatyczny (ale tylko wtedy, gdy mu wygodnie). Uwa\u017ca, \u017ce ten ca\u0142y WordPress to w sumie fajna rzecz. Lubi gry komputerowe i pieczonego \u0142ososia.<\/p>\n\t\t\t\t<\/div>\n\t\t\t<\/div>\n\n\t\t\n\t\t\t<div class=\"wcorg-organizer\">\n\t\t\t\t<h2>Wojtek R\u00f3wnanek<\/h2>\n\t\t\t\t<div class=\"wcorg-organizer-description\">\n\t\t\t\t\t\t\t\t\t\t<img alt='' src='https:\/\/secure.gravatar.com\/avatar\/970c412895ac52015c21d1c67fa63b9b89148e433a4b37301c9512f1ab54b0fe?s=100&#038;d=mm&#038;r=g' srcset='https:\/\/secure.gravatar.com\/avatar\/970c412895ac52015c21d1c67fa63b9b89148e433a4b37301c9512f1ab54b0fe?s=200&#038;d=mm&#038;r=g 2x' class='avatar avatar-100 photo' height='100' width='100' \/>\t\t\t\t\t\t\t\t\t<\/div>\n\t\t\t<\/div>\n\n\t\t\n\t\t\t<div class=\"wcorg-organizer\">\n\t\t\t\t<h2>Aleksandra \u0141\u0105czek<\/h2>\n\t\t\t\t<div class=\"wcorg-organizer-description\">\n\t\t\t\t\t\t\t\t\t\t<img alt='' src='https:\/\/secure.gravatar.com\/avatar\/1759fc6c15c17e58f06aeab9da1011edb6d3052c6fbca4ffd27f311fb407cf99?s=100&#038;d=mm&#038;r=g' srcset='https:\/\/secure.gravatar.com\/avatar\/1759fc6c15c17e58f06aeab9da1011edb6d3052c6fbca4ffd27f311fb407cf99?s=200&#038;d=mm&#038;r=g 2x' class='avatar avatar-100 photo' height='100' width='100' \/>\t\t\t\t\t\t\t\t\t<\/div>\n\t\t\t<\/div>\n\n\t\t\n\t\t\t<div class=\"wcorg-organizer\">\n\t\t\t\t<h2>Maciej Pilarski<\/h2>\n\t\t\t\t<div class=\"wcorg-organizer-description\">\n\t\t\t\t\t\t\t\t\t\t<img alt='' src='https:\/\/secure.gravatar.com\/avatar\/2a5c9dbcb300fde190eb83b44c41352dfe09f1128665295d6bd667491848ebb9?s=100&#038;d=mm&#038;r=g' srcset='https:\/\/secure.gravatar.com\/avatar\/2a5c9dbcb300fde190eb83b44c41352dfe09f1128665295d6bd667491848ebb9?s=200&#038;d=mm&#038;r=g 2x' class='avatar avatar-100 photo' height='100' width='100' \/>\t\t\t\t\t\t\t\t\t<\/div>\n\t\t\t<\/div>\n\n\t\t\n\t\t\t<div class=\"wcorg-organizer\">\n\t\t\t\t<h2>Arek St\u0119plowski<\/h2>\n\t\t\t\t<div class=\"wcorg-organizer-description\">\n\t\t\t\t\t\t\t\t\t\t<img alt='' src='https:\/\/secure.gravatar.com\/avatar\/936854a95cbb194f1beb45f702f5de00ff32e20b8356a12370cb86f9b27b5a57?s=100&#038;d=mm&#038;r=g' srcset='https:\/\/secure.gravatar.com\/avatar\/936854a95cbb194f1beb45f702f5de00ff32e20b8356a12370cb86f9b27b5a57?s=200&#038;d=mm&#038;r=g 2x' class='avatar avatar-100 photo' height='100' width='100' \/>\t\t\t\t\t<p>Z wykszta\u0142cenia bibliotekarz, z zawodu Oficer od plotek (ABI), z zami\u0142owania <a href=\"http:\/\/arek.bibliotekarz.com\" title=\"Niedosz\u0142y Bibliotekarz\" target=\"_blank\">bloger<\/a>.<br \/>\nZawodowo zarz\u0105dza informacj\u0105 na ka\u017cdej p\u0142aszczy\u017anie, zar\u00f3wno logicznej (IA) jak i fizycznej (IT). Nie straszne mu poj\u0119cia &#8222;homofoniczny homonim w korpusie j\u0119zyka&#8221;, potrafi u\u017cywa\u0107 generatora znak\u00f3w vi.<br \/>\nPastafarianin co pali faj\u0119, pije rum i czasem uda mu si\u0119 co\u015b wymy\u015ble\u0107 [sic!].<\/p>\n\t\t\t\t<\/div>\n\t\t\t<\/div>\n\n\t\t\n\t\t\t<div class=\"wcorg-organizer\">\n\t\t\t\t<h2>Kasia \u015awiderska<\/h2>\n\t\t\t\t<div class=\"wcorg-organizer-description\">\n\t\t\t\t\t\t\t\t\t\t<img alt='' src='https:\/\/secure.gravatar.com\/avatar\/e9558a8cbad6b443a09c0ae7236166e3e81b2d1bf346d0f18a5104164d306c60?s=100&#038;d=mm&#038;r=g' srcset='https:\/\/secure.gravatar.com\/avatar\/e9558a8cbad6b443a09c0ae7236166e3e81b2d1bf346d0f18a5104164d306c60?s=200&#038;d=mm&#038;r=g 2x' class='avatar avatar-100 photo' height='100' width='100' \/>\t\t\t\t\t<p>Kasia &#8222;ja wszystko wiem&#8221; \u015awiderska. Wroc\u0142awska Geek Girl Carrot. Feministka. Kocha WordPressa, Codex oraz ca\u0142\u0105 spo\u0142eczno\u015b\u0107. Dla niej najlepsze wakacje to udzia\u0142 w zagranicznym WordCampie. A wolny czas najlepiej sp\u0119dza organizuj\u0105c WordUpy i WordCampy (w Polsce i w Europie). Poza wdra\u017caniem motyw\u00f3w dla WordPressa pisze <a href=\"http:\/\/zyciesiezaczelo.me\/\">bloga<\/a>(a <a href=\"http:\/\/hekate-design.pl\/\">nawet dwa<\/a>), gotuje, fotografuje i skrobie wiersze do szuflady.  <\/p>\n\t\t\t\t<\/div>\n\t\t\t<\/div>\n\n\t\t\n\t\t\t<div class=\"wcorg-organizer\">\n\t\t\t\t<h2>Jenny Dawid<\/h2>\n\t\t\t\t<div class=\"wcorg-organizer-description\">\n\t\t\t\t\t\t\t\t\t\t<img alt='' src='https:\/\/secure.gravatar.com\/avatar\/365dd159fd0382f032963db1a879dd8e9c4e82b0c020caac56be3d40e98503fe?s=100&#038;d=mm&#038;r=g' srcset='https:\/\/secure.gravatar.com\/avatar\/365dd159fd0382f032963db1a879dd8e9c4e82b0c020caac56be3d40e98503fe?s=200&#038;d=mm&#038;r=g 2x' class='avatar avatar-100 photo' height='100' width='100' \/>\t\t\t\t\t<p>W ci\u0105gu dnia spe\u0142nia si\u0119 jako Technical Guru w ekipie <a href=\"http:\/\/wpml.org\/\" target=\"_blank\">WPMLa<\/a>, b\u0119d\u0105c \u0142\u0105cznikiem mi\u0119dzy supportem a developmentem.\u00a0Nocami opanowuje \u015bwiat, g\u0142\u00f3wnie przy pomocy Steama i Unity 3D. Kocha poci\u0105gi, Formu\u0142\u0119 1, marzy o trenowaniu Capoeiry w Brazylii i skoku ze Sky Tower w Auckland. Pono\u0107 <a href=\"http:\/\/jennycreature.org\/\" target=\"_blank\">blogerka<\/a>.<\/p>\n\t\t\t\t<\/div>\n\t\t\t<\/div>\n\n\t\t\n\t<\/div><!-- .wcorg-organizers -->\n\t\n","protected":false},"excerpt":{"rendered":"<p>Dru\u017cyna pier\u015bcienia, czyli Dream Team, czyli organizatorzy:<\/p>\n","protected":false},"author":8002317,"featured_media":0,"parent":0,"menu_order":0,"comment_status":"closed","ping_status":"closed","template":"","meta":{"jetpack_post_was_ever_published":false,"footnotes":""},"class_list":["post-10","page","type-page","status-publish","hentry"],"jetpack_shortlink":"https:\/\/wp.me\/P4VWW7-a","jetpack_sharing_enabled":true,"_links":{"self":[{"href":"https:\/\/warsaw.wordcamp.org\/2014\/wp-json\/wp\/v2\/pages\/10","targetHints":{"allow":["GET"]}}],"collection":[{"href":"https:\/\/warsaw.wordcamp.org\/2014\/wp-json\/wp\/v2\/pages"}],"about":[{"href":"https:\/\/warsaw.wordcamp.org\/2014\/wp-json\/wp\/v2\/types\/page"}],"author":[{"embeddable":true,"href":"https:\/\/warsaw.wordcamp.org\/2014\/wp-json\/wp\/v2\/users\/8002317"}],"replies":[{"embeddable":true,"href":"https:\/\/warsaw.wordcamp.org\/2014\/wp-json\/wp\/v2\/comments?post=10"}],"version-history":[{"count":6,"href":"https:\/\/warsaw.wordcamp.org\/2014\/wp-json\/wp\/v2\/pages\/10\/revisions"}],"predecessor-version":[{"id":611,"href":"https:\/\/warsaw.wordcamp.org\/2014\/wp-json\/wp\/v2\/pages\/10\/revisions\/611"}],"wp:attachment":[{"href":"https:\/\/warsaw.wordcamp.org\/2014\/wp-json\/wp\/v2\/media?parent=10"}],"curies":[{"name":"wp","href":"https:\/\/api.w.org\/{rel}","templated":true}]}}